{"id":645,"date":"2026-02-12T08:22:54","date_gmt":"2026-02-12T07:22:54","guid":{"rendered":"https:\/\/loum.pl\/?page_id=645"},"modified":"2026-02-20T11:26:05","modified_gmt":"2026-02-20T10:26:05","slug":"uv","status":"publish","type":"page","link":"https:\/\/loum.pl\/pl\/uv\/","title":{"rendered":"UV"},"content":{"rendered":"","protected":false},"excerpt":{"rendered":"","protected":false},"author":3,"featured_media":0,"parent":0,"menu_order":0,"comment_status":"open","ping_status":"closed","template":"","meta":{"_acf_changed":false,"footnotes":""},"class_list":["post-645","page","type-page","status-publish","hentry"],"acf":[],"yoast_head":"<!-- This site is optimized with the Yoast SEO plugin v27.0 - https:\/\/yoast.com\/product\/yoast-seo-wordpress\/ -->\n<title>UV - Loum<\/title>\n<meta name=\"description\" content=\"Koszulki Loum Ray Rocket to po\u0142\u0105czenie ochrony, wygody i wyj\u0105tkowego designu stworzonego z my\u015bl\u0105 o najm\u0142odszych mi\u0142o\u015bnikach wody i s\u0142o\u0144ca.\" \/>\n<meta name=\"robots\" content=\"index, follow, max-snippet:-1, max-image-preview:large, max-video-preview:-1\" \/>\n<link rel=\"canonical\" href=\"https:\/\/loum.pl\/pl\/uv\/\" \/>\n<meta property=\"og:locale\" content=\"pl_PL\" \/>\n<meta property=\"og:type\" content=\"article\" \/>\n<meta property=\"og:title\" content=\"UV - Loum\" \/>\n<meta property=\"og:description\" content=\"Koszulki Loum Ray Rocket to po\u0142\u0105czenie ochrony, wygody i wyj\u0105tkowego designu stworzonego z my\u015bl\u0105 o najm\u0142odszych mi\u0142o\u015bnikach wody i s\u0142o\u0144ca.\" \/>\n<meta property=\"og:url\" content=\"https:\/\/loum.pl\/pl\/uv\/\" \/>\n<meta property=\"og:site_name\" content=\"Loum\" \/>\n<meta property=\"article:publisher\" content=\"https:\/\/www.facebook.com\/profile.php?id=61587438118405\" \/>\n<meta property=\"article:modified_time\" content=\"2026-02-20T10:26:05+00:00\" \/>\n<meta property=\"og:image\" content=\"https:\/\/loum.pl\/wp-content\/uploads\/2026\/02\/social-loum-1.jpg\" \/>\n\t<meta property=\"og:image:width\" content=\"1200\" \/>\n\t<meta property=\"og:image:height\" content=\"628\" \/>\n\t<meta property=\"og:image:type\" content=\"image\/jpeg\" \/>\n<meta name=\"twitter:card\" content=\"summary_large_image\" \/>\n<script type=\"application\/ld+json\" class=\"yoast-schema-graph\">{\"@context\":\"https:\/\/schema.org\",\"@graph\":[{\"@type\":\"WebPage\",\"@id\":\"https:\/\/loum.pl\/pl\/uv\/\",\"url\":\"https:\/\/loum.pl\/pl\/uv\/\",\"name\":\"UV - Loum\",\"isPartOf\":{\"@id\":\"https:\/\/loum.pl\/pl\/#website\"},\"datePublished\":\"2026-02-12T07:22:54+00:00\",\"dateModified\":\"2026-02-20T10:26:05+00:00\",\"description\":\"Koszulki Loum Ray Rocket to po\u0142\u0105czenie ochrony, wygody i wyj\u0105tkowego designu stworzonego z my\u015bl\u0105 o najm\u0142odszych mi\u0142o\u015bnikach wody i s\u0142o\u0144ca.\",\"breadcrumb\":{\"@id\":\"https:\/\/loum.pl\/pl\/uv\/#breadcrumb\"},\"inLanguage\":\"pl-PL\",\"potentialAction\":[{\"@type\":\"ReadAction\",\"target\":[\"https:\/\/loum.pl\/pl\/uv\/\"]}]},{\"@type\":\"BreadcrumbList\",\"@id\":\"https:\/\/loum.pl\/pl\/uv\/#breadcrumb\",\"itemListElement\":[{\"@type\":\"ListItem\",\"position\":1,\"name\":\"Strona g\u0142\u00f3wna\",\"item\":\"https:\/\/loum.pl\/pl\/\"},{\"@type\":\"ListItem\",\"position\":2,\"name\":\"UV\"}]},{\"@type\":\"WebSite\",\"@id\":\"https:\/\/loum.pl\/pl\/#website\",\"url\":\"https:\/\/loum.pl\/pl\/\",\"name\":\"Loum\",\"description\":\"\",\"publisher\":{\"@id\":\"https:\/\/loum.pl\/pl\/#organization\"},\"potentialAction\":[{\"@type\":\"SearchAction\",\"target\":{\"@type\":\"EntryPoint\",\"urlTemplate\":\"https:\/\/loum.pl\/pl\/?s={search_term_string}\"},\"query-input\":{\"@type\":\"PropertyValueSpecification\",\"valueRequired\":true,\"valueName\":\"search_term_string\"}}],\"inLanguage\":\"pl-PL\"},{\"@type\":\"Organization\",\"@id\":\"https:\/\/loum.pl\/pl\/#organization\",\"name\":\"loum\",\"url\":\"https:\/\/loum.pl\/pl\/\",\"logo\":{\"@type\":\"ImageObject\",\"inLanguage\":\"pl-PL\",\"@id\":\"https:\/\/loum.pl\/pl\/#\/schema\/logo\/image\/\",\"url\":\"https:\/\/loum.pl\/wp-content\/uploads\/2026\/02\/loum-1.jpg\",\"contentUrl\":\"https:\/\/loum.pl\/wp-content\/uploads\/2026\/02\/loum-1.jpg\",\"width\":512,\"height\":512,\"caption\":\"loum\"},\"image\":{\"@id\":\"https:\/\/loum.pl\/pl\/#\/schema\/logo\/image\/\"},\"sameAs\":[\"https:\/\/www.facebook.com\/profile.php?id=61587438118405\"]}]}<\/script>\n<!-- \/ Yoast SEO plugin. -->","yoast_head_json":{"title":"UV - Loum","description":"Koszulki Loum Ray Rocket to po\u0142\u0105czenie ochrony, wygody i wyj\u0105tkowego designu stworzonego z my\u015bl\u0105 o najm\u0142odszych mi\u0142o\u015bnikach wody i s\u0142o\u0144ca.","robots":{"index":"index","follow":"follow","max-snippet":"max-snippet:-1","max-image-preview":"max-image-preview:large","max-video-preview":"max-video-preview:-1"},"canonical":"https:\/\/loum.pl\/pl\/uv\/","og_locale":"pl_PL","og_type":"article","og_title":"UV - Loum","og_description":"Koszulki Loum Ray Rocket to po\u0142\u0105czenie ochrony, wygody i wyj\u0105tkowego designu stworzonego z my\u015bl\u0105 o najm\u0142odszych mi\u0142o\u015bnikach wody i s\u0142o\u0144ca.","og_url":"https:\/\/loum.pl\/pl\/uv\/","og_site_name":"Loum","article_publisher":"https:\/\/www.facebook.com\/profile.php?id=61587438118405","article_modified_time":"2026-02-20T10:26:05+00:00","og_image":[{"width":1200,"height":628,"url":"https:\/\/loum.pl\/wp-content\/uploads\/2026\/02\/social-loum-1.jpg","type":"image\/jpeg"}],"twitter_card":"summary_large_image","schema":{"@context":"https:\/\/schema.org","@graph":[{"@type":"WebPage","@id":"https:\/\/loum.pl\/pl\/uv\/","url":"https:\/\/loum.pl\/pl\/uv\/","name":"UV - Loum","isPartOf":{"@id":"https:\/\/loum.pl\/pl\/#website"},"datePublished":"2026-02-12T07:22:54+00:00","dateModified":"2026-02-20T10:26:05+00:00","description":"Koszulki Loum Ray Rocket to po\u0142\u0105czenie ochrony, wygody i wyj\u0105tkowego designu stworzonego z my\u015bl\u0105 o najm\u0142odszych mi\u0142o\u015bnikach wody i s\u0142o\u0144ca.","breadcrumb":{"@id":"https:\/\/loum.pl\/pl\/uv\/#breadcrumb"},"inLanguage":"pl-PL","potentialAction":[{"@type":"ReadAction","target":["https:\/\/loum.pl\/pl\/uv\/"]}]},{"@type":"BreadcrumbList","@id":"https:\/\/loum.pl\/pl\/uv\/#breadcrumb","itemListElement":[{"@type":"ListItem","position":1,"name":"Strona g\u0142\u00f3wna","item":"https:\/\/loum.pl\/pl\/"},{"@type":"ListItem","position":2,"name":"UV"}]},{"@type":"WebSite","@id":"https:\/\/loum.pl\/pl\/#website","url":"https:\/\/loum.pl\/pl\/","name":"Loum","description":"","publisher":{"@id":"https:\/\/loum.pl\/pl\/#organization"},"potentialAction":[{"@type":"SearchAction","target":{"@type":"EntryPoint","urlTemplate":"https:\/\/loum.pl\/pl\/?s={search_term_string}"},"query-input":{"@type":"PropertyValueSpecification","valueRequired":true,"valueName":"search_term_string"}}],"inLanguage":"pl-PL"},{"@type":"Organization","@id":"https:\/\/loum.pl\/pl\/#organization","name":"loum","url":"https:\/\/loum.pl\/pl\/","logo":{"@type":"ImageObject","inLanguage":"pl-PL","@id":"https:\/\/loum.pl\/pl\/#\/schema\/logo\/image\/","url":"https:\/\/loum.pl\/wp-content\/uploads\/2026\/02\/loum-1.jpg","contentUrl":"https:\/\/loum.pl\/wp-content\/uploads\/2026\/02\/loum-1.jpg","width":512,"height":512,"caption":"loum"},"image":{"@id":"https:\/\/loum.pl\/pl\/#\/schema\/logo\/image\/"},"sameAs":["https:\/\/www.facebook.com\/profile.php?id=61587438118405"]}]}},"_links":{"self":[{"href":"https:\/\/loum.pl\/pl\/wp-json\/wp\/v2\/pages\/645","targetHints":{"allow":["GET"]}}],"collection":[{"href":"https:\/\/loum.pl\/pl\/wp-json\/wp\/v2\/pages"}],"about":[{"href":"https:\/\/loum.pl\/pl\/wp-json\/wp\/v2\/types\/page"}],"author":[{"embeddable":true,"href":"https:\/\/loum.pl\/pl\/wp-json\/wp\/v2\/users\/3"}],"replies":[{"embeddable":true,"href":"https:\/\/loum.pl\/pl\/wp-json\/wp\/v2\/comments?post=645"}],"version-history":[{"count":0,"href":"https:\/\/loum.pl\/pl\/wp-json\/wp\/v2\/pages\/645\/revisions"}],"wp:attachment":[{"href":"https:\/\/loum.pl\/pl\/wp-json\/wp\/v2\/media?parent=645"}],"curies":[{"name":"wp","href":"https:\/\/api.w.org\/{rel}","templated":true}]}}